{"id":1272,"date":"2024-09-19T21:33:41","date_gmt":"2024-09-19T19:33:41","guid":{"rendered":"https:\/\/ape-chateaubourg.com\/?page_id=1272"},"modified":"2025-09-15T22:11:39","modified_gmt":"2025-09-15T20:11:39","slug":"le-bal-des-petits-monstres","status":"publish","type":"page","link":"https:\/\/ape-chateaubourg.com\/?page_id=1272","title":{"rendered":"Le bal des petits monstres"},"content":{"rendered":"\n<p class=\"has-text-align-center\"><strong><mark style=\"background-color:rgba(0, 0, 0, 0);color:#65a833\" class=\"has-inline-color\">Cette page est \u00e0 jour pour l&rsquo;\u00e9dition 2025-2026.<\/mark><\/strong><\/p>\n\n\n\n<figure class=\"wp-block-image size-large\"><img loading=\"lazy\" decoding=\"async\" width=\"1024\" height=\"576\" src=\"https:\/\/ape-chateaubourg.com\/wp-content\/uploads\/2024\/09\/Vignette-HelloAsso-Bpm-1024x576.png\" alt=\"\" class=\"wp-image-1347\" srcset=\"https:\/\/ape-chateaubourg.com\/wp-content\/uploads\/2024\/09\/Vignette-HelloAsso-Bpm-1024x576.png 1024w, https:\/\/ape-chateaubourg.com\/wp-content\/uploads\/2024\/09\/Vignette-HelloAsso-Bpm-300x169.png 300w, https:\/\/ape-chateaubourg.com\/wp-content\/uploads\/2024\/09\/Vignette-HelloAsso-Bpm-768x432.png 768w, https:\/\/ape-chateaubourg.com\/wp-content\/uploads\/2024\/09\/Vignette-HelloAsso-Bpm-350x197.png 350w, https:\/\/ape-chateaubourg.com\/wp-content\/uploads\/2024\/09\/Vignette-HelloAsso-Bpm-528x297.png 528w, https:\/\/ape-chateaubourg.com\/wp-content\/uploads\/2024\/09\/Vignette-HelloAsso-Bpm-860x484.png 860w, https:\/\/ape-chateaubourg.com\/wp-content\/uploads\/2024\/09\/Vignette-HelloAsso-Bpm.png 1280w\" sizes=\"auto, (max-width: 1024px) 100vw, 1024px\" \/><\/figure>\n\n\n\n<p>Le \u00ab\u00a0Bal des petits monstres\u00a0\u00bb est une boom d\u00e9guis\u00e9e sur le th\u00e8me d\u2019Halloween, sp\u00e9cialement organis\u00e9e pour les enfants des \u00e9coles publiques de Ch\u00e2teaubourg (<strong>\u00e9cole du Plessis<\/strong> et <strong>\u00e9cole Charles De Gaulle<\/strong>). Cet \u00e9v\u00e9nement se d\u00e9roule l&rsquo;apr\u00e8s-midi \u00e0 la salle de la Cl\u00e9 des Champs.<\/p>\n\n\n\n<p>L\u2019entr\u00e9e est fix\u00e9e \u00e0 5\u20ac par enfant, ce qui inclut l\u2019acc\u00e8s \u00e0 une piste de danse anim\u00e9e ainsi qu\u2019un go\u00fbter monstrueux compos\u00e9 d\u2019une part de g\u00e2teau et d\u2019une boisson (potion magique au choix !). La <strong>r\u00e9servation est obligatoire<\/strong> et se fait via <a href=\"https:\/\/www.helloasso.com\/associations\/a-p-e-l-des-ecoles-publiques-de-chateaubourg\/evenements\/bal-des-petits-monstres-2025\" data-type=\"link\" data-id=\"https:\/\/www.helloasso.com\/associations\/ape-des-ecoles-publiques\/evenements\/bal-des-petits-monstres-2024\" target=\"_blank\" rel=\"noreferrer noopener\">notre boutique HelloAsso<\/a>.<\/p>\n\n\n\n<p><strong>Attention<\/strong>, pour des raisons de s\u00e9curit\u00e9, le nombre de places est limit\u00e9 \u00e0 200 enfants. Nous vous encourageons \u00e0 r\u00e9server rapidement !<\/p>\n\n\n\n<p>Des g\u00e2teaux et boissons suppl\u00e9mentaires sont vendus sur place au tarif de&nbsp;1\u20ac\/la part.<\/p>\n\n\n\n<p><strong>Note importante<\/strong> : Les enfants doivent \u00eatre accompagn\u00e9s d&rsquo;un adulte qui en sera responsable durant toute la dur\u00e9e de l&rsquo;\u00e9v\u00e9nement.<\/p>\n\n\n\n<h4 class=\"wp-block-heading\"><mark style=\"background-color:rgba(0, 0, 0, 0);color:#1a56b5\" class=\"has-inline-color\"><i class=\"fas fa-plate-wheat\"><\/i><\/mark> <strong>Repas du soir \u00e0 emporter<\/strong><\/h4>\n\n\n\n<p>Les parents ont aussi la possibilit\u00e9 de repartir avec un repas du soir tout pr\u00eat, gr\u00e2ce \u00e0 notre partenariat avec des restaurateurs locaux. Les repas sont \u00e0 r\u00e9cup\u00e9rer \u00e0 18h00, \u00e0 la fin de l\u2019\u00e9v\u00e9nement.<\/p>\n\n\n\n<p>Si malheureusement vous ne pouvez pas assister \u00e0 la boom, vous avez toujours la possibilit\u00e9 de commander des repas et de venir les r\u00e9cup\u00e9rer \u00e0 18h00.<\/p>\n\n\n\n<p>Pour l&rsquo;\u00e9dition 2025, diff\u00e9rents plats vous sont propos\u00e9s par <strong>D\u00e9lice Camer<\/strong>, <strong>Chez Lisa<\/strong>, <strong>Mingala<\/strong> <strong>et chez Lexa<\/strong>. Retrouvez tous les d\u00e9tails directement sur notre boutique HelloAsso. Nous r\u00e9cup\u00e9rerons \u00e0 l\u2019avance les <strong>consignes de r\u00e9chauffage<\/strong> aupr\u00e8s des restaurateurs et vous les transmettrons.<\/p>\n\n\n\n<figure class=\"wp-block-image size-large\"><img loading=\"lazy\" decoding=\"async\" width=\"1024\" height=\"724\" src=\"https:\/\/ape-chateaubourg.com\/wp-content\/uploads\/2025\/09\/repas-1024x724.png\" alt=\"\" class=\"wp-image-1920\" srcset=\"https:\/\/ape-chateaubourg.com\/wp-content\/uploads\/2025\/09\/repas-1024x724.png 1024w, https:\/\/ape-chateaubourg.com\/wp-content\/uploads\/2025\/09\/repas-300x212.png 300w, https:\/\/ape-chateaubourg.com\/wp-content\/uploads\/2025\/09\/repas-768x543.png 768w, https:\/\/ape-chateaubourg.com\/wp-content\/uploads\/2025\/09\/repas-1536x1086.png 1536w, https:\/\/ape-chateaubourg.com\/wp-content\/uploads\/2025\/09\/repas.png 2000w\" sizes=\"auto, (max-width: 1024px) 100vw, 1024px\" \/><\/figure>\n\n\n\n<hr class=\"wp-block-separator has-alpha-channel-opacity\"\/>\n\n\n\n<div style=\"height:33px\" aria-hidden=\"true\" class=\"wp-block-spacer\"><\/div>\n\n\n\n<h3 class=\"wp-block-heading\"><mark style=\"background-color:rgba(0, 0, 0, 0);color:#089b69\" class=\"has-inline-color\"><i class=\"fas fa-hand-holding-hand\"><\/i><\/mark> Appel aux b\u00e9n\u00e9voles<\/h3>\n\n\n\n<div class=\"wp-block-columns is-layout-flex wp-container-core-columns-is-layout-9d6595d7 wp-block-columns-is-layout-flex\">\n<div class=\"wp-block-column is-layout-flow wp-block-column-is-layout-flow\" style=\"flex-basis:33.33%\"><div class=\"wp-block-image\">\n<figure class=\"aligncenter size-large is-resized\"><img loading=\"lazy\" decoding=\"async\" width=\"682\" height=\"1024\" src=\"https:\/\/ape-chateaubourg.com\/wp-content\/uploads\/2024\/09\/gateau1-682x1024.jpg\" alt=\"\" class=\"wp-image-1294\" style=\"width:247px;height:auto\" srcset=\"https:\/\/ape-chateaubourg.com\/wp-content\/uploads\/2024\/09\/gateau1-682x1024.jpg 682w, https:\/\/ape-chateaubourg.com\/wp-content\/uploads\/2024\/09\/gateau1-200x300.jpg 200w, https:\/\/ape-chateaubourg.com\/wp-content\/uploads\/2024\/09\/gateau1-768x1154.jpg 768w, https:\/\/ape-chateaubourg.com\/wp-content\/uploads\/2024\/09\/gateau1-1022x1536.jpg 1022w, https:\/\/ape-chateaubourg.com\/wp-content\/uploads\/2024\/09\/gateau1.jpg 1363w\" sizes=\"auto, (max-width: 682px) 100vw, 682px\" \/><\/figure>\n<\/div><\/div>\n\n\n\n<div class=\"wp-block-column is-layout-flow wp-block-column-is-layout-flow\" style=\"flex-basis:66.66%\">\n<p>Comme pour tous nos \u00e9v\u00e9nements, nous avons besoin de b\u00e9n\u00e9voles pour que tout se passe bien !<\/p>\n\n\n\n<ul class=\"wp-block-list\">\n<li><strong>Le matin<\/strong>, pour pr\u00e9parer et d\u00e9corer la salle. Si vous \u00eates cr\u00e9atif, n&rsquo;h\u00e9sitez pas \u00e0 r\u00e9aliser des d\u00e9corations (citrouilles, ballons d\u00e9cor\u00e9s, ou autres cr\u00e9ations) que vous pourrez installer sur place.<\/li>\n\n\n\n<li><strong>L&rsquo;apr\u00e8s-midi<\/strong>, pour le contr\u00f4le des entr\u00e9es, la vente de g\u00e2teaux et boissons, et pour veiller au bon d\u00e9roulement de l&rsquo;\u00e9v\u00e9nement.<\/li>\n<\/ul>\n\n\n\n<p>Vous pouvez choisir de donner une heure, deux heures ou plus, selon vos disponibilit\u00e9s. Sans b\u00e9n\u00e9voles, l&rsquo;\u00e9v\u00e9nement ne pourra avoir lieu, alors inscrivez-vous via le lien en bas de cette page pour nous indiquer vos cr\u00e9neaux.<\/p>\n\n\n\n<p><mark style=\"background-color:rgba(0, 0, 0, 0);color:#b925ae\" class=\"has-inline-color\"><strong>Nous avons \u00e9galement besoin de vos talents de p\u00e2tissier afin de concocter des g\u00e2teaux qui seront revendu \u00e0 la part lors de l&rsquo;\u00e9v\u00e9nement. Vous nous les d\u00e9poser \u00e0 votre arriv\u00e9e.<\/strong><\/mark><\/p>\n<\/div>\n<\/div>\n\n\n\n<div style=\"height:33px\" aria-hidden=\"true\" class=\"wp-block-spacer\"><\/div>\n\n\n\n<hr class=\"wp-block-separator has-alpha-channel-opacity\"\/>\n\n\n\n<div style=\"height:33px\" aria-hidden=\"true\" class=\"wp-block-spacer\"><\/div>\n\n\n\n<h2 class=\"wp-block-heading\"><mark style=\"background-color:rgba(0, 0, 0, 0);color:#6048c6\" class=\"has-inline-color\"><i class=\"fas fa-palette\"><\/i><\/mark> D\u00e9coration<\/h2>\n\n\n\n<p>Si vous le souhaitez, vous pouvez&nbsp;<strong>r\u00e9aliser des d\u00e9corations<\/strong>&nbsp;et venir les installer dans la salle le matin, entre&nbsp;<strong>09h00 et 12h00<\/strong>.<\/p>\n\n\n\n<div style=\"height:33px\" aria-hidden=\"true\" class=\"wp-block-spacer\"><\/div>\n\n\n\n<hr class=\"wp-block-separator has-alpha-channel-opacity\"\/>\n\n\n\n<div style=\"height:33px\" aria-hidden=\"true\" class=\"wp-block-spacer\"><\/div>\n\n\n\n<h2 class=\"wp-block-heading\"><mark style=\"background-color:rgba(0, 0, 0, 0);color:#cc0d9c\" class=\"has-inline-color\"><i class=\"fas fa-icons\"><\/i><\/mark> Playlist<\/h2>\n\n\n\n<p>Nous pr\u00e9parons \u00e0 l&rsquo;avance une playlist sur Deezer. N&rsquo;h\u00e9sitez pas \u00e0 y contribuer en ajoutant les morceaux sur lesquels votre enfant aime danser ! Le bureau validera bien s\u00fbr la s\u00e9lection finale avant l&rsquo;\u00e9v\u00e9nement.<\/p>\n\n\n\n<div class=\"wp-block-buttons is-content-justification-center is-layout-flex wp-container-core-buttons-is-layout-16018d1d wp-block-buttons-is-layout-flex\">\n<div class=\"wp-block-button is-style-outline is-style-outline--1\"><a class=\"wp-block-button__link has-white-color has-luminous-vivid-orange-to-vivid-red-gradient-background has-text-color has-background has-link-color wp-element-button\" href=\"https:\/\/deezer.page.link\/mjfgLBvRHjqyT2ga6\" target=\"_blank\" rel=\"noreferrer noopener nofollow\"><i class=\"fas fa-music\"><\/i>  Acc\u00e9dez \u00e0 la playlist  <i class=\"fas fa-music\"><\/i><\/a><\/div>\n<\/div>\n\n\n\n<div style=\"height:33px\" aria-hidden=\"true\" class=\"wp-block-spacer\"><\/div>\n\n\n\n<hr class=\"wp-block-separator has-alpha-channel-opacity\"\/>\n\n\n\n<div style=\"height:33px\" aria-hidden=\"true\" class=\"wp-block-spacer\"><\/div>\n\n\n\n<h3 class=\"wp-block-heading\"><mark style=\"background-color:rgba(0, 0, 0, 0);color:#127070\" class=\"has-inline-color\"><i class=\"fas fa-calendar-days\"><\/i><\/mark> Prochaine \u00e9dition<\/h3>\n\n\n\n<div style=\"height:33px\" aria-hidden=\"true\" class=\"wp-block-spacer\"><\/div>\n\n\n\n<p class=\"has-text-align-center\" style=\"font-size:20px\"><mark style=\"background-color:rgba(0, 0, 0, 0);color:#df6d15\" class=\"has-inline-color\"><strong>Samedi 11 octobre 2025<br>De 15h30 \u00e0 18h00<br>Salle de la cl\u00e9 des champs<\/strong><\/mark><\/p>\n\n\n\n<div style=\"height:33px\" aria-hidden=\"true\" class=\"wp-block-spacer\"><\/div>\n\n\n\n<hr class=\"wp-block-separator has-alpha-channel-opacity\"\/>\n\n\n\n<div style=\"height:33px\" aria-hidden=\"true\" class=\"wp-block-spacer\"><\/div>\n\n\n\n<h3 class=\"wp-block-heading\"><mark style=\"background-color:rgba(0, 0, 0, 0);color:#a82424\" class=\"has-inline-color\"><i class=\"fas fa-ticket\"><\/i><\/mark> R\u00e9servation<\/h3>\n\n\n\n<div style=\"height:33px\" aria-hidden=\"true\" class=\"wp-block-spacer\"><\/div>\n\n\n\n<div class=\"wp-block-columns is-layout-flex wp-container-core-columns-is-layout-9d6595d7 wp-block-columns-is-layout-flex\">\n<div class=\"wp-block-column is-layout-flow wp-block-column-is-layout-flow\">\n<div class=\"wp-block-buttons is-horizontal is-content-justification-center is-layout-flex wp-container-core-buttons-is-layout-499968f5 wp-block-buttons-is-layout-flex\">\n<div class=\"wp-block-button has-custom-width wp-block-button__width-100 is-style-outline is-style-outline--2\"><a class=\"wp-block-button__link has-white-color has-luminous-dusk-gradient-background has-text-color has-background has-link-color has-custom-font-size wp-element-button\" href=\"https:\/\/www.helloasso.com\/associations\/a-p-e-l-des-ecoles-publiques-de-chateaubourg\/evenements\/bal-des-petits-monstres-2025\" style=\"font-size:20px;font-style:normal;font-weight:700\" target=\"_blank\" rel=\"noreferrer noopener nofollow\"><i class=\"fas fa-ticket\"><\/i> R\u00e9servez vos entr\u00e9es et repas<\/a><\/div>\n<\/div>\n<\/div>\n\n\n\n<div class=\"wp-block-column is-layout-flow wp-block-column-is-layout-flow\">\n<div class=\"wp-block-buttons has-custom-font-size is-content-justification-center is-nowrap is-layout-flex wp-container-core-buttons-is-layout-1fb9aab6 wp-block-buttons-is-layout-flex\" style=\"font-size:23px\">\n<div class=\"wp-block-button has-custom-width wp-block-button__width-100 is-style-outline is-style-outline--3\"><a class=\"wp-block-button__link has-white-color has-cool-to-warm-spectrum-gradient-background has-text-color has-background has-link-color has-custom-font-size wp-element-button\" href=\"https:\/\/1drv.ms\/x\/c\/c41653d67b9da25e\/EW6EPoQLv_RBgoaRKZtPRyQBt8C_hSeLhnkvJD7E0_eDkQ?e=42n8c3\" style=\"font-size:20px;font-style:normal;font-weight:700\" target=\"_blank\" rel=\"noreferrer noopener nofollow\"><i class=\"fas fa-people-group\"><\/i> Nous aider comme b\u00e9n\u00e9vole<\/a><\/div>\n<\/div>\n<\/div>\n<\/div>\n\n\n\n<div style=\"height:16px\" aria-hidden=\"true\" class=\"wp-block-spacer\"><\/div>\n\n\n\n<p class=\"has-text-align-center\" style=\"font-size:21px\"><mark style=\"background-color:rgba(0, 0, 0, 0);color:#128a8a\" class=\"has-inline-color\"><i class=\"fas fa-triangle-exclamation\"><\/i><\/mark> <strong><mark style=\"background-color:rgba(0, 0, 0, 0);color:#cd2b2b\" class=\"has-inline-color\">La date limite pour les r\u00e9servations est fix\u00e9e au 02 octobre 2025 \u00e0 23h59<\/mark><\/strong><\/p>\n\n\n\n<div style=\"height:33px\" aria-hidden=\"true\" class=\"wp-block-spacer\"><\/div>\n\n\n\n<hr class=\"wp-block-separator has-alpha-channel-opacity\"\/>\n\n\n\n<div style=\"height:33px\" aria-hidden=\"true\" class=\"wp-block-spacer\"><\/div>\n\n\n\n<p class=\"has-text-align-center\"><mark style=\"background-color:rgba(0, 0, 0, 0);color:#e78a29\" class=\"has-inline-color\"><i class=\"fas fa-circle-question\"><\/i> <\/mark>Pour toute question ou aide \u00e0 l&rsquo;inscription, n&rsquo;h\u00e9sitez pas \u00e0 nous contacter par mail :<br><strong><a href=\"mailto:ape.chateaubourg35@gmail.com\">ape.chateaubourg35@gmail.com<\/a><\/strong><\/p>\n\n\n\n<div style=\"height:33px\" aria-hidden=\"true\" class=\"wp-block-spacer\"><\/div>\n\n\n\n<div class=\"wp-block-columns is-layout-flex wp-container-core-columns-is-layout-9d6595d7 wp-block-columns-is-layout-flex\">\n<div class=\"wp-block-column is-layout-flow wp-block-column-is-layout-flow\">\n<figure class=\"wp-block-image size-large\"><img loading=\"lazy\" decoding=\"async\" width=\"1024\" height=\"461\" src=\"https:\/\/ape-chateaubourg.com\/wp-content\/uploads\/2024\/09\/monstres3-1-1024x461.jpg\" alt=\"\" class=\"wp-image-1374\" srcset=\"https:\/\/ape-chateaubourg.com\/wp-content\/uploads\/2024\/09\/monstres3-1-1024x461.jpg 1024w, https:\/\/ape-chateaubourg.com\/wp-content\/uploads\/2024\/09\/monstres3-1-300x135.jpg 300w, https:\/\/ape-chateaubourg.com\/wp-content\/uploads\/2024\/09\/monstres3-1-768x346.jpg 768w, https:\/\/ape-chateaubourg.com\/wp-content\/uploads\/2024\/09\/monstres3-1.jpg 1422w\" sizes=\"auto, (max-width: 1024px) 100vw, 1024px\" \/><\/figure>\n<\/div>\n\n\n\n<div class=\"wp-block-column is-layout-flow wp-block-column-is-layout-flow\">\n<figure class=\"wp-block-image size-large\"><img loading=\"lazy\" decoding=\"async\" width=\"1024\" height=\"461\" src=\"https:\/\/ape-chateaubourg.com\/wp-content\/uploads\/2024\/09\/monstres4-2-1024x461.jpg\" alt=\"\" class=\"wp-image-1376\" srcset=\"https:\/\/ape-chateaubourg.com\/wp-content\/uploads\/2024\/09\/monstres4-2-1024x461.jpg 1024w, https:\/\/ape-chateaubourg.com\/wp-content\/uploads\/2024\/09\/monstres4-2-300x135.jpg 300w, https:\/\/ape-chateaubourg.com\/wp-content\/uploads\/2024\/09\/monstres4-2-768x346.jpg 768w, https:\/\/ape-chateaubourg.com\/wp-content\/uploads\/2024\/09\/monstres4-2.jpg 1422w\" sizes=\"auto, (max-width: 1024px) 100vw, 1024px\" \/><\/figure>\n<\/div>\n\n\n\n<div class=\"wp-block-column is-layout-flow wp-block-column-is-layout-flow\">\n<figure class=\"wp-block-image size-large\"><img loading=\"lazy\" decoding=\"async\" width=\"1024\" height=\"461\" src=\"https:\/\/ape-chateaubourg.com\/wp-content\/uploads\/2024\/09\/monstres2-1-1024x461.jpg\" alt=\"\" class=\"wp-image-1377\" srcset=\"https:\/\/ape-chateaubourg.com\/wp-content\/uploads\/2024\/09\/monstres2-1-1024x461.jpg 1024w, https:\/\/ape-chateaubourg.com\/wp-content\/uploads\/2024\/09\/monstres2-1-300x135.jpg 300w, https:\/\/ape-chateaubourg.com\/wp-content\/uploads\/2024\/09\/monstres2-1-768x346.jpg 768w, https:\/\/ape-chateaubourg.com\/wp-content\/uploads\/2024\/09\/monstres2-1.jpg 1422w\" sizes=\"auto, (max-width: 1024px) 100vw, 1024px\" \/><\/figure>\n<\/div>\n<\/div>\n","protected":false},"excerpt":{"rendered":"<p>Le \u00ab\u00a0Bal des petits monstres\u00a0\u00bb est une boom d\u00e9guis\u00e9e sur le th\u00e8me d\u2019Halloween, sp\u00e9cialement organis\u00e9e pour les enfants des \u00e9coles publiques de Ch\u00e2teaubourg (\u00e9cole du Plessis et \u00e9cole Charles De Gaulle). Cet \u00e9v\u00e9nement se d\u00e9roule l&rsquo;apr\u00e8s-midi \u00e0 la salle de la Cl\u00e9 des Champs. L\u2019entr\u00e9e est fix\u00e9e \u00e0 5\u20ac par enfant, ce qui inclut l\u2019acc\u00e8s <a class=\"more-link\" href=\"https:\/\/ape-chateaubourg.com\/?page_id=1272\">Lire plus &#8230;<\/a><\/p>\n","protected":false},"author":1,"featured_media":1893,"parent":0,"menu_order":0,"comment_status":"open","ping_status":"closed","template":"","meta":{"ngg_post_thumbnail":0,"footnotes":""},"class_list":["post-1272","page","type-page","status-publish","has-post-thumbnail","hentry"],"_links":{"self":[{"href":"https:\/\/ape-chateaubourg.com\/index.php?rest_route=\/wp\/v2\/pages\/1272","targetHints":{"allow":["GET"]}}],"collection":[{"href":"https:\/\/ape-chateaubourg.com\/index.php?rest_route=\/wp\/v2\/pages"}],"about":[{"href":"https:\/\/ape-chateaubourg.com\/index.php?rest_route=\/wp\/v2\/types\/page"}],"author":[{"embeddable":true,"href":"https:\/\/ape-chateaubourg.com\/index.php?rest_route=\/wp\/v2\/users\/1"}],"replies":[{"embeddable":true,"href":"https:\/\/ape-chateaubourg.com\/index.php?rest_route=%2Fwp%2Fv2%2Fcomments&post=1272"}],"version-history":[{"count":79,"href":"https:\/\/ape-chateaubourg.com\/index.php?rest_route=\/wp\/v2\/pages\/1272\/revisions"}],"predecessor-version":[{"id":1930,"href":"https:\/\/ape-chateaubourg.com\/index.php?rest_route=\/wp\/v2\/pages\/1272\/revisions\/1930"}],"wp:featuredmedia":[{"embeddable":true,"href":"https:\/\/ape-chateaubourg.com\/index.php?rest_route=\/wp\/v2\/media\/1893"}],"wp:attachment":[{"href":"https:\/\/ape-chateaubourg.com\/index.php?rest_route=%2Fwp%2Fv2%2Fmedia&parent=1272"}],"curies":[{"name":"wp","href":"https:\/\/api.w.org\/{rel}","templated":true}]}}