{"id":1774,"date":"2025-05-22T15:34:12","date_gmt":"2025-05-22T13:34:12","guid":{"rendered":"https:\/\/ape-chateaubourg.com\/?page_id=1774"},"modified":"2025-08-19T14:57:53","modified_gmt":"2025-08-19T12:57:53","slug":"fete-des-ecoles-et-tombola","status":"publish","type":"page","link":"https:\/\/ape-chateaubourg.com\/?page_id=1774","title":{"rendered":"F\u00eate des \u00e9coles et tombola"},"content":{"rendered":"\n<p class=\"has-text-align-center\"><strong><mark style=\"background-color:rgba(0, 0, 0, 0);color:#dc1b1b\" class=\"has-inline-color\">Attention : Cette page n&rsquo;est pas encore \u00e0 jour pour l&rsquo;\u00e9dition 2025-2026.<\/mark><\/strong><\/p>\n\n\n\n<div style=\"height:30px\" aria-hidden=\"true\" class=\"wp-block-spacer\"><\/div>\n\n\n\n<p>La f\u00eate des \u00e9coles est l\u2019\u00e9v\u00e9nement qui vient cl\u00f4turer l\u2019ann\u00e9e scolaire.<br>Le matin, les enfants pr\u00e9sentent leur spectacle de fin d\u2019ann\u00e9e devant les familles.<br>\u00c0 partir de midi, les deux \u00e9coles publiques se retrouvent dans l\u2019une des deux cours d\u2019\u00e9cole pour profiter ensemble de la f\u00eate : <strong>restauration sur place, jeux, tombola<\/strong> et bonne humeur sont au programme !<\/p>\n\n\n\n<p>Pour l\u2019\u00e9dition 2025, la f\u00eate se tiendra : <\/p>\n\n\n\n<p class=\"has-text-align-center has-text-color has-link-color has-large-font-size wp-elements-8bb741594eec4578c68e08000e32de00\" style=\"color:#dc1a1a\"><strong>Samedi 28 juin \u00e0 partir de 12h00<\/strong>, <strong>\u00e0<\/strong>&nbsp;<strong>l\u2019\u00e9cole du Plessis<\/strong>.<\/p>\n\n\n\n<p class=\"has-text-align-center\">Cette ann\u00e9e, la f\u00eate aura pour th\u00e9matique&nbsp;<strong>les m\u00e9tiers<\/strong>&nbsp;!<\/p>\n\n\n\n<p>En raison des travaux en cours \u00e0 l\u2019\u00e9cole Charles de Gaulle, nous ne pouvons pas y organiser la f\u00eate cette ann\u00e9e. C\u2019est pourquoi elle se d\u00e9roulera \u00e0 nouveau \u00e0 l\u2019\u00e9cole du Plessis ! <\/p>\n\n\n\n<div style=\"height:30px\" aria-hidden=\"true\" class=\"wp-block-spacer\"><\/div>\n\n\n\n<h2 class=\"wp-block-heading has-text-color has-link-color wp-elements-19eef2e3a0c556b32051b1ded35d22a4\" style=\"color:#20b856\">Nous avons besoin de vous !<\/h2>\n\n\n\n<p>Pour que cette journ\u00e9e soit une r\u00e9ussite,&nbsp;<strong>nous avons besoin de nombreux b\u00e9n\u00e9voles<\/strong>&nbsp;:<\/p>\n\n\n\n<ul class=\"wp-block-list\">\n<li>le&nbsp;<strong>vendredi 27 juin en soir\u00e9e<\/strong>&nbsp;pour la mise en place,<\/li>\n\n\n\n<li>le&nbsp;<strong>samedi 28 juin<\/strong>&nbsp;pour tenir les stands de jeux, la restauration, et pour le d\u00e9montage en fin de journ\u00e9e.<\/li>\n<\/ul>\n\n\n\n<p>M\u00eame une heure ou deux de votre temps nous sera pr\u00e9cieuse !<br>Comme l\u2019an pass\u00e9, nous utilisons un&nbsp;<strong>tableau Excel partag\u00e9<\/strong>&nbsp;pour vous inscrire sur les cr\u00e9neaux qui vous conviennent le mieux.<\/p>\n\n\n\n<p>Il est plus facile de le consulter depuis un ordinateur que depuis un t\u00e9l\u00e9phone. Le fichier comprend 4 onglets :&nbsp;<strong>Pr\u00e9paration<\/strong>,&nbsp;<strong>Jeux<\/strong>,&nbsp;<strong>Restauration<\/strong>&nbsp;et&nbsp;<strong>D\u00e9montage<\/strong>.<\/p>\n\n\n\n<p>Il vous suffit d\u2019y inscrire vos&nbsp;<strong>nom, pr\u00e9nom et t\u00e9l\u00e9phone<\/strong>&nbsp;dans les cr\u00e9neaux disponibles avant le&nbsp;<strong>vendredi 20 juin 2025 \u00e0 23h00<\/strong>.<\/p>\n\n\n\n<p><strong>Stands accessibles aux ados<\/strong>&nbsp;:&nbsp;Les lignes sur fond jaune indiquent les stands pouvant \u00eatre tenus par des adolescents \u00e0 partir de 11 ans, en bin\u00f4me avec un adulte.&nbsp;C\u2019est une belle opportunit\u00e9 pour les grands fr\u00e8res, grandes s\u0153urs ou amis de participer : ils ne seront jamais seuls et seront toujours accompagn\u00e9s par un adulte.<\/p>\n\n\n\n<p>Certaines cases du tableau comportent&nbsp;<strong>un petit coin violet<\/strong>&nbsp;: en les survolant, vous y trouverez des informations compl\u00e9mentaires sur le stand concern\u00e9.<\/p>\n\n\n\n<p><strong>Merci de ne pas attendre la derni\u00e8re minute pour vous inscrire<\/strong>, cela nous permet d\u2019anticiper et de mieux organiser les \u00e9quipes. En cas de question, nous restons \u00e0 votre disposition.<\/p>\n\n\n\n<div style=\"height:30px\" aria-hidden=\"true\" class=\"wp-block-spacer\"><\/div>\n\n\n\n<div class=\"wp-block-buttons is-content-justification-center is-layout-flex wp-container-core-buttons-is-layout-16018d1d wp-block-buttons-is-layout-flex\">\n<div class=\"wp-block-button\"><a class=\"wp-block-button__link has-white-color has-text-color has-background has-link-color wp-element-button\" href=\"https:\/\/1drv.ms\/x\/s!Al6inXvWUxbE09NAGqVf7xlOpkz1vg?e=zIGaLQ\" style=\"background-color:#20b856\" target=\"_blank\" rel=\"noreferrer noopener nofollow\">Tableau b\u00e9n\u00e9volat<\/a><\/div>\n<\/div>\n\n\n\n<div style=\"height:30px\" aria-hidden=\"true\" class=\"wp-block-spacer\"><\/div>\n\n\n\n<h2 class=\"wp-block-heading has-text-color has-link-color wp-elements-81d8a85b7978a913bf6b47dc4a020a55\" style=\"color:#7d22aa\">R\u00e9servez vos repas<\/h2>\n\n\n\n<p>Le midi, nous vous proposerons :&nbsp;<strong>galettes-saucisses, paninis, frites, granit\u00e9s, sodas\u2026<\/strong><\/p>\n\n\n\n<p class=\"has-text-align-center has-text-color has-link-color wp-elements-a7b91864f7cf433f0f7946123db02e44\" style=\"color:#dc1a1a\">Pour \u00e9viter le gaspillage, nous privil\u00e9gions la&nbsp;<strong>commande \u00e0 l\u2019avance<\/strong>.<br><strong>Date limite de commande : vendredi 20 juin 2025 \u00e0 23h00.<\/strong><\/p>\n\n\n\n<p>Merci de commander d\u00e8s que possible afin que nous puissions anticiper les&nbsp;quantit\u00e9s \u00e0 pr\u00e9voir.<\/p>\n\n\n\n<p>Pensez \u00e0 bien s\u00e9lectionner l\u2019article obligatoire ! Cela nous permet de vous demander vos informations (\u00e9cole et t\u00e9l\u00e9phone) une seule fois, pour vous \u00e9viter de les ressaisir pour chaque ligne. Merci !<\/p>\n\n\n\n<p><strong>Un grand merci d\u2019avance \u00e0 nos p\u00e2tissier\u00b7\u00e8re\u00b7s en herbe ou confirm\u00e9s !<\/strong><\/p>\n\n\n\n<p>Comme chaque ann\u00e9e, nous faisons appel \u00e0 votre talent pour r\u00e9galer les gourmands le jour de la f\u00eate<\/p>\n\n\n\n<p><strong>Vos g\u00e2teaux faits maison seront revendus \u00e0 la part<\/strong>, au profit des \u00e9coles. Qu\u2019il s\u2019agisse de cakes, tartes, cookies, brownies ou autres douceurs,&nbsp;<strong>toutes vos cr\u00e9ations sont les bienvenues<\/strong>&nbsp;!<\/p>\n\n\n\n<p>Merci de bien vouloir&nbsp;<strong>d\u00e9poser vos g\u00e2teaux \u00e0 votre arriv\u00e9e au stand des desserts<\/strong>.<\/p>\n\n\n\n<p>N\u2019oubliez pas d\u2019<strong>indiquer les ingr\u00e9dients principaux<\/strong>&nbsp;(notamment allerg\u00e8nes) sur une petite \u00e9tiquette.<\/p>\n\n\n\n<p>Votre contribution fait toute la diff\u00e9rence \u2014 merci pour votre g\u00e9n\u00e9rosit\u00e9 ! <\/p>\n\n\n\n<div style=\"height:30px\" aria-hidden=\"true\" class=\"wp-block-spacer\"><\/div>\n\n\n\n<div class=\"wp-block-buttons is-content-justification-center is-layout-flex wp-container-core-buttons-is-layout-16018d1d wp-block-buttons-is-layout-flex\">\n<div class=\"wp-block-button\"><a class=\"wp-block-button__link has-white-color has-text-color has-background has-link-color wp-element-button\" href=\"https:\/\/www.helloasso.com\/associations\/a-p-e-l-des-ecoles-publiques-de-chateaubourg\/boutiques\/fete-des-ecoles-samedi-28-juin-2025\" style=\"background-color:#7d22aa\" target=\"_blank\" rel=\"noreferrer noopener nofollow\">R\u00e9servez vos repas<\/a><\/div>\n<\/div>\n\n\n\n<div style=\"height:30px\" aria-hidden=\"true\" class=\"wp-block-spacer\"><\/div>\n\n\n\n<h2 class=\"wp-block-heading has-blue-color has-text-color has-link-color wp-elements-3c53d7723943070bff949618056ca484\">Tombola 2025<\/h2>\n\n\n\n<p><strong>Cette ann\u00e9e encore, notre tombola vous r\u00e9serve de tr\u00e8s beaux lots !&nbsp;<\/strong>Tentez votre chance et repartez peut-\u00eatre avec l\u2019un de nos superbes cadeaux.<\/p>\n\n\n\n<p>Vous trouverez toutes les informations concernant la tombola sur cette page d\u00e9di\u00e9e.<\/p>\n\n\n\n<p class=\"has-text-align-center has-text-color has-link-color wp-elements-7a89a815251e3a9f822467ec64f2a618\" style=\"color:#dc1a1a\">Les tickets sont en vente en ligne jusqu\u2019au&nbsp;<strong>jeudi 26 juin \u00e0 23h59<\/strong><\/p>\n\n\n\n<div style=\"height:30px\" aria-hidden=\"true\" class=\"wp-block-spacer\"><\/div>\n\n\n\n<div class=\"wp-block-buttons is-content-justification-center is-layout-flex wp-container-core-buttons-is-layout-16018d1d wp-block-buttons-is-layout-flex\">\n<div class=\"wp-block-button\"><a class=\"wp-block-button__link has-white-color has-blue-background-color has-text-color has-background has-link-color wp-element-button\" href=\"https:\/\/www.helloasso.com\/associations\/a-p-e-l-des-ecoles-publiques-de-chateaubourg\/evenements\/tombola-2025\" target=\"_blank\" rel=\"noreferrer noopener nofollow\">Tickets de tombola<\/a><\/div>\n<\/div>\n\n\n\n<div style=\"height:30px\" aria-hidden=\"true\" class=\"wp-block-spacer\"><\/div>\n\n\n\n<h2 class=\"wp-block-heading has-tahiti-gold-color has-text-color has-link-color wp-elements-3a0c68d7b5e5d8dfc36608241ce262b0\">Animations pour les enfants<\/h2>\n\n\n\n<p>Tout au long de l\u2019apr\u00e8s-midi, de nombreux jeux seront propos\u00e9s aux enfants\u2026 et aux parents ! Pour les faire fonctionner, nous avons besoin&nbsp;<a href=\"https:\/\/1drv.ms\/x\/s!Al6inXvWUxbE09NAGqVf7xlOpkz1vg?e=zIGaLQ\">de nombreux b\u00e9n\u00e9voles \u2014 comme \u00e9voqu\u00e9 plus haut<\/a>.<\/p>\n\n\n\n<p><strong>Acc\u00e8s aux jeux :<\/strong><br>L\u2019acc\u00e8s se fait via des&nbsp;<strong>cartes \u00e0 bons<\/strong>&nbsp;que vous pouvez acheter \u00e0 l\u2019avance,&nbsp;<a href=\"https:\/\/www.helloasso.com\/associations\/a-p-e-l-des-ecoles-publiques-de-chateaubourg\/boutiques\/fete-des-ecoles-samedi-28-juin-2025\">en m\u00eame temps que vos repas, sur notre boutique HelloAsso<\/a>.<\/p>\n\n\n\n<ul class=\"wp-block-list\">\n<li>Carte 5 jeux : 2,50 \u20ac<\/li>\n\n\n\n<li>Carte 10 jeux : 5 \u20ac<\/li>\n<\/ul>\n\n\n\n<p>Une fois une&nbsp;<strong>carte de 10 jeux<\/strong>&nbsp;ou&nbsp;<strong>2 cartes de 5 jeux<\/strong>&nbsp;compl\u00e9t\u00e9e(s), votre enfant pourra se rendre au stand APE pour&nbsp;<strong>tirer un num\u00e9ro au sort<\/strong>&nbsp;et remporter un lot surprise : entr\u00e9es ou r\u00e9ductions pour le zoo, la piscine, le cin\u00e9ma, l\u2019accrobranche, le laser game, un mus\u00e9e, la patinoire\u2026 ou encore des petits goodies !<\/p>\n\n\n\n<div style=\"height:30px\" aria-hidden=\"true\" class=\"wp-block-spacer\"><\/div>\n\n\n\n<p>Merci d\u2019avance pour votre mobilisation,<\/p>\n\n\n\n<p>L\u2019\u00e9quipe de l\u2019APE Charles de Gaulle &amp; Le Plessis<\/p>\n\n\n\n<p><\/p>\n","protected":false},"excerpt":{"rendered":"<p>La f\u00eate des \u00e9coles est l\u2019\u00e9v\u00e9nement qui vient cl\u00f4turer l\u2019ann\u00e9e scolaire.Le matin, les enfants pr\u00e9sentent leur spectacle de fin d\u2019ann\u00e9e devant les familles.\u00c0 partir de midi, les deux \u00e9coles publiques se retrouvent dans l\u2019une des deux cours d\u2019\u00e9cole pour profiter ensemble de la f\u00eate : restauration sur place, jeux, tombola et bonne humeur sont au <a class=\"more-link\" href=\"https:\/\/ape-chateaubourg.com\/?page_id=1774\">Lire plus &#8230;<\/a><\/p>\n","protected":false},"author":1,"featured_media":1805,"parent":0,"menu_order":0,"comment_status":"closed","ping_status":"closed","template":"","meta":{"ngg_post_thumbnail":0,"footnotes":""},"class_list":["post-1774","page","type-page","status-publish","has-post-thumbnail","hentry"],"_links":{"self":[{"href":"https:\/\/ape-chateaubourg.com\/index.php?rest_route=\/wp\/v2\/pages\/1774","targetHints":{"allow":["GET"]}}],"collection":[{"href":"https:\/\/ape-chateaubourg.com\/index.php?rest_route=\/wp\/v2\/pages"}],"about":[{"href":"https:\/\/ape-chateaubourg.com\/index.php?rest_route=\/wp\/v2\/types\/page"}],"author":[{"embeddable":true,"href":"https:\/\/ape-chateaubourg.com\/index.php?rest_route=\/wp\/v2\/users\/1"}],"replies":[{"embeddable":true,"href":"https:\/\/ape-chateaubourg.com\/index.php?rest_route=%2Fwp%2Fv2%2Fcomments&post=1774"}],"version-history":[{"count":14,"href":"https:\/\/ape-chateaubourg.com\/index.php?rest_route=\/wp\/v2\/pages\/1774\/revisions"}],"predecessor-version":[{"id":1859,"href":"https:\/\/ape-chateaubourg.com\/index.php?rest_route=\/wp\/v2\/pages\/1774\/revisions\/1859"}],"wp:featuredmedia":[{"embeddable":true,"href":"https:\/\/ape-chateaubourg.com\/index.php?rest_route=\/wp\/v2\/media\/1805"}],"wp:attachment":[{"href":"https:\/\/ape-chateaubourg.com\/index.php?rest_route=%2Fwp%2Fv2%2Fmedia&parent=1774"}],"curies":[{"name":"wp","href":"https:\/\/api.w.org\/{rel}","templated":true}]}}