{"id":45,"date":"2015-05-09T09:45:53","date_gmt":"2015-05-09T07:45:53","guid":{"rendered":"http:\/\/ape-chateaubourg.com\/wp\/?page_id=45"},"modified":"2025-10-21T22:10:10","modified_gmt":"2025-10-21T20:10:10","slug":"lape","status":"publish","type":"page","link":"https:\/\/ape-chateaubourg.com\/?page_id=45","title":{"rendered":""},"content":{"rendered":"\n<figure class=\"wp-block-video\"><video height=\"1080\" style=\"aspect-ratio: 1920 \/ 1080;\" width=\"1920\" controls src=\"https:\/\/ape-chateaubourg.com\/wp-content\/uploads\/2025\/08\/Presentation-APE.mp4\"><\/video><\/figure>\n\n\n<h2 style=\"text-align: center;\"><span style=\"color: #993366;\"><strong><em>Pour nos enfants &#8230; pour vos enfants<\/em><\/strong><\/span><\/h2>\n<h4 style=\"text-align: left;\"><strong><br><span style=\"color: #993366;\">Qui sommes-nous ?<\/span><\/strong><\/h4>\n<p><span style=\"color: #000000;\">L&rsquo;APE (Association des Parents d&rsquo;\u00c9l\u00e8ves) a pour but de dynamiser les \u00e9coles publiques Charles de Gaulle et du Plessis en cr\u00e9ant du lien entre les parents gr\u00e2ce \u00e0 l&rsquo;organisation d&rsquo;\u00e9v\u00e9nements comme <a href=\"https:\/\/ape-chateaubourg.com\/?page_id=1272\">le bal des petits monstres<\/a>, <a href=\"https:\/\/ape-chateaubourg.com\/?page_id=724\">la bourse aux jouets<\/a>, <a href=\"https:\/\/ape-chateaubourg.com\/?page_id=1407\">la vente des sapins<\/a> ou encore la traditionnelle <a href=\"https:\/\/ape-chateaubourg.com\/?page_id=1774\">f\u00eate des \u00e9coles<\/a> qui cl\u00f4ture l&rsquo;ann\u00e9e scolaire. L&rsquo;argent r\u00e9colt\u00e9 contribue au financement des sorties scolaires de nos enfants ou l&rsquo;achat de mat\u00e9riel p\u00e9dagogiques.&nbsp;<\/span><\/p>\n<h4><span style=\"color: #993366;\"><strong>Comment participer ?<\/strong><\/span><\/h4>\n<p><span style=\"color: #000000;\">Plus que jamais, nous avons besoin de vous, car l&rsquo;association ne peut fonctionner et perdurer sans <strong>VOTRE<\/strong> implication et votre aide, m\u00eame ponctuelle ! Tout parent d&rsquo;\u00e9l\u00e8ve est membre de l&rsquo;APE, gratuitement. Vous pouvez participer \u00e0 l&rsquo;organisation d&rsquo;une, deux ou plusieurs manifestations selon vos disponibilit\u00e9s. M\u00eame une petite aide est la bienvenue.&nbsp;<\/span><\/p>\n<p><span style=\"color: #000000;\">Le bureau est \u00e9lu au d\u00e9but de chaque ann\u00e9e scolaire lors de notre <strong>assembl\u00e9e g\u00e9n\u00e9rale<\/strong>. Il est compos\u00e9 d&rsquo;une <strong>co-pr\u00e9sidence<\/strong> et d&rsquo;un <strong>tr\u00e9sorier<\/strong>.<\/span><\/p>\n<p><span style=\"color: #000000;\">Nos r\u00e9unions se passent toujours dans une ambiance conviviale et dynamique, pleines de bonne humeur et motivation. Le but est aussi de se rencontrer entre parents ! Alors n&rsquo;h\u00e9sitez pas \u00e0 entrer en contact avec nous si vous souhaitez nous rejoindre !<\/span><\/p>\n<p>Pour ne rien manquer de nos communications, <strong>ajoutez les adresses suivantes \u00e0 vos contacts ou liste blanche<\/strong> dans vos bo\u00eetes mail afin d&rsquo;\u00e9viter que nos messages ne tombent dans vos spams :<\/p>\n<p style=\"text-align: center;\"><strong><a href=\"mailto:ape.chateaubourg35@gmail.com\" target=\"_blank\" rel=\"noopener\">ape.chateaubourg35@gmail.com<\/a><\/strong><br><strong><a href=\"mailto:ape.chateaubourg35@gmail.com\" target=\"_blank\" rel=\"noopener\">infos@ape-chateaubourg.com&nbsp;<\/a><\/strong><\/p>\n<h6 style=\"text-align: center;\"><span style=\"color: #ff0000;\"><ins><em><strong>N&rsquo;oubliez pas aussi de vous inscrire sur la liste de diffusion de l&rsquo;APE en utilisant le formulaire de contact.<\/strong><\/em><\/ins><\/span><\/h6>\n\n\n<h4 class=\"wp-block-heading\"><mark style=\"background-color:rgba(0, 0, 0, 0);color:#993366\" class=\"has-inline-color\"><strong>Le bureau 2025-2026<\/strong><\/mark><\/h4>\n\n\n\n<div class=\"wp-block-columns is-layout-flex wp-container-core-columns-is-layout-9d6595d7 wp-block-columns-is-layout-flex\">\n<div class=\"wp-block-column is-layout-flow wp-block-column-is-layout-flow\">\n<figure class=\"wp-block-image size-large\"><img loading=\"lazy\" decoding=\"async\" width=\"1024\" height=\"1024\" src=\"https:\/\/ape-chateaubourg.com\/wp-content\/uploads\/2025\/10\/bureau-2025-2-1024x1024.jpg\" alt=\"\" class=\"wp-image-1942\" srcset=\"https:\/\/ape-chateaubourg.com\/wp-content\/uploads\/2025\/10\/bureau-2025-2-1024x1024.jpg 1024w, https:\/\/ape-chateaubourg.com\/wp-content\/uploads\/2025\/10\/bureau-2025-2-300x300.jpg 300w, https:\/\/ape-chateaubourg.com\/wp-content\/uploads\/2025\/10\/bureau-2025-2-150x150.jpg 150w, https:\/\/ape-chateaubourg.com\/wp-content\/uploads\/2025\/10\/bureau-2025-2-768x768.jpg 768w, https:\/\/ape-chateaubourg.com\/wp-content\/uploads\/2025\/10\/bureau-2025-2-200x200.jpg 200w, https:\/\/ape-chateaubourg.com\/wp-content\/uploads\/2025\/10\/bureau-2025-2-100x100.jpg 100w, https:\/\/ape-chateaubourg.com\/wp-content\/uploads\/2025\/10\/bureau-2025-2-40x40.jpg 40w, https:\/\/ape-chateaubourg.com\/wp-content\/uploads\/2025\/10\/bureau-2025-2.jpg 1250w\" sizes=\"auto, (max-width: 1024px) 100vw, 1024px\" \/><\/figure>\n<\/div>\n\n\n\n<div class=\"wp-block-column is-layout-flow wp-block-column-is-layout-flow\">\n<h6 class=\"wp-block-heading\"><mark style=\"background-color:rgba(0, 0, 0, 0);color:#993366\" class=\"has-inline-color\"><strong>En haut de gauche \u00e0 droite :<\/strong><\/mark><\/h6>\n\n\n\n<ul class=\"wp-block-list\">\n<li class=\"has-small-font-size\">Pierre CLARENC (Plessis) &#8211; co-pr\u00e9sident<\/li>\n\n\n\n<li class=\"has-small-font-size\">C\u00e9line OMNES (CDG) &#8211; membre actif<\/li>\n\n\n\n<li class=\"has-small-font-size\">Morgane LE FAOU (Plessis) &#8211; co-pr\u00e9sidente<\/li>\n\n\n\n<li class=\"has-small-font-size\">Vanessa LEMESLE (CDG) &#8211; co-pr\u00e9sidente<\/li>\n<\/ul>\n\n\n\n<h6 class=\"wp-block-heading\"><mark style=\"background-color:rgba(0, 0, 0, 0);color:#993366\" class=\"has-inline-color\"><strong>Au milieu de gauche \u00e0 droite :<\/strong><\/mark><\/h6>\n\n\n\n<ul class=\"wp-block-list\">\n<li class=\"has-small-font-size\">Pierre BOULANGER (Plessis) &#8211; co-pr\u00e9sident<\/li>\n\n\n\n<li class=\"has-small-font-size\">Romain OMNES (CDG) &#8211; co-pr\u00e9sident<\/li>\n\n\n\n<li class=\"has-small-font-size\">Yannick LEGRIS (CDG) &#8211; co-pr\u00e9sident<\/li>\n\n\n\n<li class=\"has-small-font-size\">Erwann Faucheux (Plessis) &#8211; membre actif<\/li>\n<\/ul>\n\n\n\n<p><mark style=\"background-color:rgba(0, 0, 0, 0);color:#993366\" class=\"has-inline-color\"><strong>En bas de gauche \u00e0 droite :<\/strong><\/mark><\/p>\n\n\n\n<ul class=\"wp-block-list\">\n<li class=\"has-small-font-size\">Laurent pecheux (Plessis) &#8211; membre actif<\/li>\n\n\n\n<li class=\"has-small-font-size\">Anna\u00ebl SADAN (CDG) &#8211; tr\u00e9sori\u00e8re<\/li>\n<\/ul>\n<\/div>\n<\/div>\n","protected":false},"excerpt":{"rendered":"<p>Pour nos enfants &#8230; pour vos enfants Qui sommes-nous ? L&rsquo;APE (Association des Parents d&rsquo;\u00c9l\u00e8ves) a pour but de dynamiser les \u00e9coles publiques Charles de Gaulle et du Plessis en cr\u00e9ant du lien entre les parents gr\u00e2ce \u00e0 l&rsquo;organisation d&rsquo;\u00e9v\u00e9nements comme le bal des petits monstres, la bourse aux jouets, la vente des sapins ou <a class=\"more-link\" href=\"https:\/\/ape-chateaubourg.com\/?page_id=45\">Lire plus &#8230;<\/a><\/p>\n","protected":false},"author":1,"featured_media":0,"parent":0,"menu_order":0,"comment_status":"closed","ping_status":"closed","template":"","meta":{"ngg_post_thumbnail":0,"footnotes":""},"class_list":["post-45","page","type-page","status-publish","hentry"],"_links":{"self":[{"href":"https:\/\/ape-chateaubourg.com\/index.php?rest_route=\/wp\/v2\/pages\/45","targetHints":{"allow":["GET"]}}],"collection":[{"href":"https:\/\/ape-chateaubourg.com\/index.php?rest_route=\/wp\/v2\/pages"}],"about":[{"href":"https:\/\/ape-chateaubourg.com\/index.php?rest_route=\/wp\/v2\/types\/page"}],"author":[{"embeddable":true,"href":"https:\/\/ape-chateaubourg.com\/index.php?rest_route=\/wp\/v2\/users\/1"}],"replies":[{"embeddable":true,"href":"https:\/\/ape-chateaubourg.com\/index.php?rest_route=%2Fwp%2Fv2%2Fcomments&post=45"}],"version-history":[{"count":22,"href":"https:\/\/ape-chateaubourg.com\/index.php?rest_route=\/wp\/v2\/pages\/45\/revisions"}],"predecessor-version":[{"id":1945,"href":"https:\/\/ape-chateaubourg.com\/index.php?rest_route=\/wp\/v2\/pages\/45\/revisions\/1945"}],"wp:attachment":[{"href":"https:\/\/ape-chateaubourg.com\/index.php?rest_route=%2Fwp%2Fv2%2Fmedia&parent=45"}],"curies":[{"name":"wp","href":"https:\/\/api.w.org\/{rel}","templated":true}]}}