{"id":724,"date":"2021-10-15T19:41:44","date_gmt":"2021-10-15T17:41:44","guid":{"rendered":"http:\/\/ape-chateaubourg.com\/?page_id=724"},"modified":"2025-11-03T22:34:09","modified_gmt":"2025-11-03T21:34:09","slug":"bourse-aux-jouets","status":"publish","type":"page","link":"https:\/\/ape-chateaubourg.com\/?page_id=724","title":{"rendered":"Bourse aux jouets"},"content":{"rendered":"\n<p class=\"has-text-align-center\"><strong><mark style=\"background-color:rgba(0, 0, 0, 0);color:#65a833\" class=\"has-inline-color\">Cette page est \u00e0 jour pour l&rsquo;\u00e9dition 2025-2026.<\/mark><\/strong><\/p>\n\n\n\n<p><strong>Chaque ann\u00e9e<\/strong>, l&rsquo;Association des Parents d&rsquo;\u00c9l\u00e8ves (APE) organise une <strong>bourse aux jouets<\/strong>, offrant ainsi aux familles l&rsquo;opportunit\u00e9 de <strong>vendre<\/strong> les jeux et jouets dont leurs enfants ne se servent plus, et d&rsquo;<strong>acheter des articles d&rsquo;occasion<\/strong> \u00e0 moindre co\u00fbt. C&rsquo;est une excellente mani\u00e8re de donner une seconde vie \u00e0 des jouets tout en faisant des \u00e9conomies, \u00e0 l&rsquo;approche des f\u00eates de fin d&rsquo;ann\u00e9e.<\/p>\n\n\n\n<p>Lors de la bourse, vous trouverez une large vari\u00e9t\u00e9 de cat\u00e9gories d&rsquo;articles, parmi lesquelles :<\/p>\n\n\n\n<ul class=\"wp-block-list\">\n<li>Jouets et jeux de soci\u00e9t\u00e9<\/li>\n\n\n\n<li>V\u00e9los<\/li>\n\n\n\n<li>Livres<\/li>\n\n\n\n<li>D\u00e9corations de No\u00ebl<\/li>\n\n\n\n<li>Jouets premier-\u00e2ge, et bien plus encore.<\/li>\n<\/ul>\n\n\n\n<p>Cet \u00e9v\u00e9nement est tr\u00e8s attendu par les familles et constitue une belle occasion de se pr\u00e9parer pour les f\u00eates tout en participant \u00e0 une d\u00e9marche solidaire et \u00e9coresponsable.<\/p>\n\n\n\n<p>La <strong>bourse aux jouets est ouverte \u00e0 tous<\/strong>, alors n\u2019h\u00e9sitez pas \u00e0 en parler autour de vous, et \u00e0 <strong>partager cette page<\/strong>, ainsi que nos flyers et affiches, pour en faire profiter le plus grand nombre.<\/p>\n\n\n\n<div style=\"height:33px\" aria-hidden=\"true\" class=\"wp-block-spacer\"><\/div>\n\n\n<div id=\"metaslider-id-1452\" style=\"width: 100%;\" class=\"ml-slider-3-105-0 metaslider metaslider-flex metaslider-1452 ml-slider has-dots-nav ms-theme-default\" role=\"region\" aria-label=\"Bourse aux jouets\" data-height=\"300\" data-width=\"700\">\n    <div id=\"metaslider_container_1452\">\n        <div id=\"metaslider_1452\">\n            <ul class='slides'>\n                <li style=\"display: block; width: 100%;\" class=\"slide-1474 ms-image \" aria-roledescription=\"slide\" data-date=\"2024-10-02 20:55:22\" data-filename=\"bourse-aux-jouets-1-700x300.jpg\" data-slide-type=\"image\"><img loading=\"lazy\" decoding=\"async\" src=\"https:\/\/ape-chateaubourg.com\/wp-content\/uploads\/2024\/10\/bourse-aux-jouets-1-700x300.jpg\" height=\"300\" width=\"700\" alt=\"\" class=\"slider-1452 slide-1474 msDefaultImage\" title=\"bourse aux jouets\" \/><\/li>\n                <li style=\"display: none; width: 100%;\" class=\"slide-1475 ms-image \" aria-roledescription=\"slide\" data-date=\"2024-10-02 20:55:22\" data-filename=\"bourse-aux-jouets2-1-700x300.jpg\" data-slide-type=\"image\"><img loading=\"lazy\" decoding=\"async\" src=\"https:\/\/ape-chateaubourg.com\/wp-content\/uploads\/2024\/10\/bourse-aux-jouets2-1-700x300.jpg\" height=\"300\" width=\"700\" alt=\"\" class=\"slider-1452 slide-1475 msDefaultImage\" title=\"bourse aux jouets2\" \/><\/li>\n                <li style=\"display: none; width: 100%;\" class=\"slide-1476 ms-image \" aria-roledescription=\"slide\" data-date=\"2024-10-02 20:55:22\" data-filename=\"bourse-aux-jouets3-1-700x300.jpg\" data-slide-type=\"image\"><img loading=\"lazy\" decoding=\"async\" src=\"https:\/\/ape-chateaubourg.com\/wp-content\/uploads\/2024\/10\/bourse-aux-jouets3-1-700x300.jpg\" height=\"300\" width=\"700\" alt=\"\" class=\"slider-1452 slide-1476 msDefaultImage\" title=\"bourse aux jouets3\" \/><\/li>\n                <li style=\"display: none; width: 100%;\" class=\"slide-1477 ms-image \" aria-roledescription=\"slide\" data-date=\"2024-10-02 20:55:22\" data-filename=\"bourse-aux-jouets4-1-700x300.jpg\" data-slide-type=\"image\"><img loading=\"lazy\" decoding=\"async\" src=\"https:\/\/ape-chateaubourg.com\/wp-content\/uploads\/2024\/10\/bourse-aux-jouets4-1-700x300.jpg\" height=\"300\" width=\"700\" alt=\"\" class=\"slider-1452 slide-1477 msDefaultImage\" title=\"bourse aux jouets4\" \/><\/li>\n                <li style=\"display: none; width: 100%;\" class=\"slide-1478 ms-image \" aria-roledescription=\"slide\" data-date=\"2024-10-02 20:55:22\" data-filename=\"bourse-aux-jouets5-1-700x300.jpg\" data-slide-type=\"image\"><img loading=\"lazy\" decoding=\"async\" src=\"https:\/\/ape-chateaubourg.com\/wp-content\/uploads\/2024\/10\/bourse-aux-jouets5-1-700x300.jpg\" height=\"300\" width=\"700\" alt=\"\" class=\"slider-1452 slide-1478 msDefaultImage\" title=\"bourse aux jouets5\" \/><\/li>\n                <li style=\"display: none; width: 100%;\" class=\"slide-1479 ms-image \" aria-roledescription=\"slide\" data-date=\"2024-10-02 20:55:22\" data-filename=\"bourse-aux-jouets6-1-700x300.jpg\" data-slide-type=\"image\"><img loading=\"lazy\" decoding=\"async\" src=\"https:\/\/ape-chateaubourg.com\/wp-content\/uploads\/2024\/10\/bourse-aux-jouets6-1-700x300.jpg\" height=\"300\" width=\"700\" alt=\"\" class=\"slider-1452 slide-1479 msDefaultImage\" title=\"bourse aux jouets6\" \/><\/li>\n                <li style=\"display: none; width: 100%;\" class=\"slide-1480 ms-image \" aria-roledescription=\"slide\" data-date=\"2024-10-02 20:55:22\" data-filename=\"bourse-aux-jouets7-1-700x300.jpg\" data-slide-type=\"image\"><img loading=\"lazy\" decoding=\"async\" src=\"https:\/\/ape-chateaubourg.com\/wp-content\/uploads\/2024\/10\/bourse-aux-jouets7-1-700x300.jpg\" height=\"300\" width=\"700\" alt=\"\" class=\"slider-1452 slide-1480 msDefaultImage\" title=\"bourse aux jouets7\" \/><\/li>\n                <li style=\"display: none; width: 100%;\" class=\"slide-1481 ms-image \" aria-roledescription=\"slide\" data-date=\"2024-10-02 20:55:22\" data-filename=\"bourse-aux-jouets8-1-700x300.jpg\" data-slide-type=\"image\"><img loading=\"lazy\" decoding=\"async\" src=\"https:\/\/ape-chateaubourg.com\/wp-content\/uploads\/2024\/10\/bourse-aux-jouets8-1-700x300.jpg\" height=\"300\" width=\"700\" alt=\"\" class=\"slider-1452 slide-1481 msDefaultImage\" title=\"bourse aux jouets8\" \/><\/li>\n                <li style=\"display: none; width: 100%;\" class=\"slide-1482 ms-image \" aria-roledescription=\"slide\" data-date=\"2024-10-02 20:55:22\" data-filename=\"bourse-aux-jouets9-1-700x300.jpg\" data-slide-type=\"image\"><img loading=\"lazy\" decoding=\"async\" src=\"https:\/\/ape-chateaubourg.com\/wp-content\/uploads\/2024\/10\/bourse-aux-jouets9-1-700x300.jpg\" height=\"300\" width=\"700\" alt=\"\" class=\"slider-1452 slide-1482 msDefaultImage\" title=\"bourse aux jouets9\" \/><\/li>\n                <li style=\"display: none; width: 100%;\" class=\"slide-1483 ms-image \" aria-roledescription=\"slide\" data-date=\"2024-10-02 20:55:22\" data-filename=\"bourse-aux-jouets10-1-700x300.jpg\" data-slide-type=\"image\"><img loading=\"lazy\" decoding=\"async\" src=\"https:\/\/ape-chateaubourg.com\/wp-content\/uploads\/2024\/10\/bourse-aux-jouets10-1-700x300.jpg\" height=\"300\" width=\"700\" alt=\"\" class=\"slider-1452 slide-1483 msDefaultImage\" title=\"bourse aux jouets10\" \/><\/li>\n            <\/ul>\n        <\/div>\n        \n    <\/div>\n<\/div>\n\n\n\n<div style=\"height:33px\" aria-hidden=\"true\" class=\"wp-block-spacer\"><\/div>\n\n\n\n<hr class=\"wp-block-separator has-css-opacity\"\/>\n\n\n\n<div style=\"height:33px\" aria-hidden=\"true\" class=\"wp-block-spacer\"><\/div>\n\n\n\n<h2 class=\"wp-block-heading\"><mark style=\"background-color:rgba(0, 0, 0, 0);color:#3343bb\" class=\"has-inline-color\"><i class=\"fas fa-circle-info\"><\/i><\/mark> Comment \u00e7a fonctionne ?<\/h2>\n\n\n\n<div style=\"height:33px\" aria-hidden=\"true\" class=\"wp-block-spacer\"><\/div>\n\n\n\n<h4 class=\"wp-block-heading\">1 &#8211; Enregistrement des articles<\/h4>\n\n\n\n<p>Tous les articles destin\u00e9s \u00e0 la vente doivent \u00eatre <a href=\"https:\/\/membre.ape-chateaubourg.com\/membre\" data-type=\"link\" data-id=\"https:\/\/membre.ape-chateaubourg.com\/membre\" target=\"_blank\" rel=\"noreferrer noopener nofollow\"><strong>enregistr\u00e9s \u00e0 l&rsquo;avance<\/strong> <strong>sur notre site<\/strong><\/a>, afin que nous puissions g\u00e9n\u00e9rer les <strong>\u00e9tiquettes<\/strong> n\u00e9cessaires. Il est important de pr\u00e9parer les articles dans l&rsquo;ordre dans lequel ils ont \u00e9t\u00e9 enregistr\u00e9s pour faciliter leur d\u00e9p\u00f4t.<\/p>\n\n\n\n<div style=\"height:22px\" aria-hidden=\"true\" class=\"wp-block-spacer\"><\/div>\n\n\n\n<h4 class=\"wp-block-heading\">2 &#8211; D\u00e9p\u00f4t des articles<\/h4>\n\n\n\n<p>Vous devrez ensuite nous <strong>d\u00e9poser vos articles<\/strong>, qui seront contr\u00f4l\u00e9s par nos b\u00e9n\u00e9voles. Seuls les <strong>jouets propres et en bon \u00e9tat de fonctionnement<\/strong> seront accept\u00e9s. Les lots devront \u00eatre <strong>ensach\u00e9s ou film\u00e9s<\/strong> pour \u00e9viter leur dissociation.<\/p>\n\n\n\n<div style=\"height:22px\" aria-hidden=\"true\" class=\"wp-block-spacer\"><\/div>\n\n\n\n<h4 class=\"wp-block-heading\">3 &#8211; Vente \u00e9ph\u00e9m\u00e8re<\/h4>\n\n\n\n<p>Nous cr\u00e9ons pour l&rsquo;occasion une <strong>boutique \u00e9ph\u00e9m\u00e8re<\/strong>, o\u00f9 les articles sont class\u00e9s par cat\u00e9gorie pour faciliter la recherche des acheteurs.<\/p>\n\n\n\n<div style=\"height:22px\" aria-hidden=\"true\" class=\"wp-block-spacer\"><\/div>\n\n\n\n<h4 class=\"wp-block-heading\">4 &#8211; R\u00e9cup\u00e9ration des invendus et des gains<\/h4>\n\n\n\n<p>L&rsquo;apr\u00e8s-midi de la vente, vous devez venir <strong>r\u00e9cup\u00e9rer vos invendus<\/strong> et vos gains aux heures indiqu\u00e9es sur le site.<\/p>\n\n\n\n<p>Toutes les <strong>r\u00e8gles d\u00e9taill\u00e9es<\/strong> et les informations pratiques sont disponibles sur <a href=\"https:\/\/membre.ape-chateaubourg.com\/membre\" data-type=\"link\" data-id=\"https:\/\/membre.ape-chateaubourg.com\/membre\" target=\"_blank\" rel=\"noreferrer noopener\">le site d&rsquo;enregistrement des articles<\/a>.<\/p>\n\n\n\n<div style=\"height:22px\" aria-hidden=\"true\" class=\"wp-block-spacer\"><\/div>\n\n\n\n<hr class=\"wp-block-separator has-alpha-channel-opacity\"\/>\n\n\n\n<div style=\"height:22px\" aria-hidden=\"true\" class=\"wp-block-spacer\"><\/div>\n\n\n\n<h3 class=\"wp-block-heading\"><mark style=\"background-color:rgba(0, 0, 0, 0);color:#18ae0f\" class=\"has-inline-color\"><i class=\"fas fa-person-walking-luggage\"><\/i><\/mark> Vos contenants<\/h3>\n\n\n\n<div style=\"height:33px\" aria-hidden=\"true\" class=\"wp-block-spacer\"><\/div>\n\n\n\n<p>Dans un souci d&rsquo;organisation, nous vous demandons de <strong>laisser vos contenants<\/strong> (sacs, cartons, caisses en plastique, etc.) marqu\u00e9s avec vos <strong>nom, pr\u00e9nom et identifiant<\/strong> pour faciliter la r\u00e9cup\u00e9ration de vos invendus. Cela s&rsquo;inscrit dans notre d\u00e9marche \u00e9coresponsable visant \u00e0 <strong>limiter la consommation de sacs plastiques<\/strong>.<\/p>\n\n\n\n<div style=\"height:33px\" aria-hidden=\"true\" class=\"wp-block-spacer\"><\/div>\n\n\n\n<hr class=\"wp-block-separator has-alpha-channel-opacity\"\/>\n\n\n\n<div style=\"height:33px\" aria-hidden=\"true\" class=\"wp-block-spacer\"><\/div>\n\n\n\n<h3 class=\"wp-block-heading\"><mark style=\"background-color:rgba(0, 0, 0, 0);color:#0dd3e1\" class=\"has-inline-color\"><i class=\"fas fa-calendar-days\"><\/i><\/mark> Prochaine \u00e9dition<\/h3>\n\n\n\n<div style=\"height:33px\" aria-hidden=\"true\" class=\"wp-block-spacer\"><\/div>\n\n\n\n<p class=\"has-text-align-center\" style=\"font-size:20px\"><mark style=\"background-color:rgba(0, 0, 0, 0);color:#e0741d\" class=\"has-inline-color\"><i class=\"fas fa-calendar-days\"><\/i><\/mark> <strong><mark style=\"background-color:rgba(0, 0, 0, 0)\" class=\"has-inline-color has-black-color\">Dimanche 23 novembre 2025<\/mark><\/strong><mark style=\"background-color:rgba(0, 0, 0, 0);color:#189211\" class=\"has-inline-color\"><strong><br><\/strong><\/mark><mark style=\"background-color:rgba(0, 0, 0, 0);color:#ab1f97\" class=\"has-inline-color\"><i class=\"fas fa-clock\"><\/i><\/mark> <strong><mark style=\"background-color:rgba(0, 0, 0, 0)\" class=\"has-inline-color has-black-color\">De 09h00 \u00e0 12h30<\/mark><\/strong><mark style=\"background-color:rgba(0, 0, 0, 0);color:#189211\" class=\"has-inline-color\"><strong><br><\/strong><\/mark><mark style=\"background-color:rgba(0, 0, 0, 0);color:#acab2e\" class=\"has-inline-color\"><i class=\"fas fa-map-location-dot\"><\/i><\/mark> <mark style=\"background-color:rgba(0, 0, 0, 0)\" class=\"has-inline-color has-black-color\"><strong>Salle de la cl\u00e9 des champs<\/strong><br><strong>35 220 Chateaubourg<\/strong><\/mark><\/p>\n\n\n\n<div style=\"height:33px\" aria-hidden=\"true\" class=\"wp-block-spacer\"><\/div>\n\n\n\n<hr class=\"wp-block-separator has-alpha-channel-opacity\"\/>\n\n\n\n<div style=\"height:33px\" aria-hidden=\"true\" class=\"wp-block-spacer\"><\/div>\n\n\n\n<h3 class=\"wp-block-heading\"><mark style=\"background-color:rgba(0, 0, 0, 0);color:#1a5194\" class=\"has-inline-color\"><i class=\"fas fa-hand-holding-hand\"><\/i><\/mark> Appel aux b\u00e9n\u00e9voles<\/h3>\n\n\n\n<div style=\"height:33px\" aria-hidden=\"true\" class=\"wp-block-spacer\"><\/div>\n\n\n\n<p>Comme pour tous nos \u00e9v\u00e9nements, nous avons <strong>grandement besoin de b\u00e9n\u00e9voles<\/strong> pour assurer le bon d\u00e9roulement de la bourse. Si vous vous engagez \u00e0 aider pour <strong>au moins 4 heures<\/strong> durant le week-end, vous b\u00e9n\u00e9ficierez de deux avantages :<\/p>\n\n\n\n<ul class=\"wp-block-list\">\n<li>D\u00e9p\u00f4t de vos articles gratuit ;<\/li>\n\n\n\n<li>Acc\u00e8s \u00e0 la vente priv\u00e9e du samedi apr\u00e8s-midi.<\/li>\n<\/ul>\n\n\n\n<p>Les b\u00e9n\u00e9voles doivent indiquer leurs cr\u00e9neaux de disponibilit\u00e9 sur le m\u00eame site que l&rsquo;enregistrement des articles. En cas de participation \u00e0 hauteur de 4 heures, la <strong>gratuit\u00e9 du d\u00e9p\u00f4t<\/strong> s&rsquo;appliquera automatiquement sur votre liste.<\/p>\n\n\n\n<p>Le compte doit \u00eatre cr\u00e9\u00e9 au nom de la personne qui fait le b\u00e9n\u00e9volat. Par exemple, si Sophie Dupont fait le b\u00e9n\u00e9volat, le compte ne doit pas \u00eatre au nom de David Durand.<\/p>\n\n\n\n<p>Les b\u00e9n\u00e9voles ont moins de temps pour enregistrer leur liste, ils re\u00e7oivent leurs <strong>\u00e9tiquettes \u00e0 l&rsquo;avance<\/strong> pour qu&rsquo;ils puissent les apposer eux-m\u00eames sur leurs articles, cela nous permet de gagner du temps.<\/p>\n\n\n\n<p>Toutes les dates et horaires sont indiqu\u00e9s dans l&rsquo;espace d&rsquo;enregistrement des articles.<\/p>\n\n\n\n<p>Enfin, il est possible de faire du b\u00e9n\u00e9volat sans vendre d&rsquo;articles.<\/p>\n\n\n\n<div style=\"height:33px\" aria-hidden=\"true\" class=\"wp-block-spacer\"><\/div>\n\n\n\n<hr class=\"wp-block-separator has-alpha-channel-opacity\"\/>\n\n\n\n<div style=\"height:33px\" aria-hidden=\"true\" class=\"wp-block-spacer\"><\/div>\n\n\n\n<h3 class=\"wp-block-heading\"><mark style=\"background-color:rgba(0, 0, 0, 0);color:#058f5b\" class=\"has-inline-color\"><i class=\"fas fa-laptop\"><\/i><\/mark> Lien pour cr\u00e9er votre liste ou faire du b\u00e9n\u00e9volat<\/h3>\n\n\n\n<div style=\"height:33px\" aria-hidden=\"true\" class=\"wp-block-spacer\"><\/div>\n\n\n\n<p class=\"has-text-align-center\">Vous pouvez d\u00e8s \u00e0 pr\u00e9sent <strong>cr\u00e9er votre compte<\/strong>. L\u2019enregistrement des articles et l\u2019inscription au b\u00e9n\u00e9volat seront ouverts \u00e0 partir du <strong>16 octobre 2025<\/strong>.<\/p>\n\n\n\n<p class=\"has-text-align-center\">Ce m\u00eame compte vous servira pour toutes les bourses futures.<\/p>\n\n\n\n<div class=\"wp-block-buttons is-content-justification-center is-layout-flex wp-container-core-buttons-is-layout-16018d1d wp-block-buttons-is-layout-flex\">\n<div class=\"wp-block-button has-custom-width wp-block-button__width-50\"><a class=\"wp-block-button__link has-white-color has-text-color has-background has-link-color wp-element-button\" href=\"https:\/\/membre.ape-chateaubourg.com\/membre\" style=\"background-color:#147a99\">Enregistrez vos articles<\/a><\/div>\n<\/div>\n\n\n\n<div style=\"height:33px\" aria-hidden=\"true\" class=\"wp-block-spacer\"><\/div>\n\n\n\n<hr class=\"wp-block-separator has-alpha-channel-opacity\"\/>\n\n\n\n<div style=\"height:33px\" aria-hidden=\"true\" class=\"wp-block-spacer\"><\/div>\n\n\n\n<p class=\"has-text-align-center\"><mark style=\"background-color:rgba(0, 0, 0, 0);color:#d00505\" class=\"has-inline-color\"><i class=\"fas fa-circle-question\"><\/i><\/mark> Pour toute question ou aide \u00e0 l&rsquo;inscription, n&rsquo;h\u00e9sitez pas \u00e0 nous contacter par mail :<br><strong><a href=\"mailto:ape.chateaubourg35@gmail.com\">ape.chateaubourg35@gmail.com<\/a><\/strong><\/p>\n\n\n\n<div style=\"height:33px\" aria-hidden=\"true\" class=\"wp-block-spacer\"><\/div>\n\n\n\n<hr class=\"wp-block-separator has-alpha-channel-opacity\"\/>\n\n\n\n<div style=\"height:33px\" aria-hidden=\"true\" class=\"wp-block-spacer\"><\/div>\n\n\n\n<figure class=\"wp-block-image size-large\"><img loading=\"lazy\" decoding=\"async\" width=\"724\" height=\"1024\" src=\"https:\/\/ape-chateaubourg.com\/wp-content\/uploads\/2025\/11\/Affiche-724x1024.png\" alt=\"Bourse aux jouets 2025 chateaubourg\" class=\"wp-image-1961\" srcset=\"https:\/\/ape-chateaubourg.com\/wp-content\/uploads\/2025\/11\/Affiche-724x1024.png 724w, https:\/\/ape-chateaubourg.com\/wp-content\/uploads\/2025\/11\/Affiche-212x300.png 212w, https:\/\/ape-chateaubourg.com\/wp-content\/uploads\/2025\/11\/Affiche-768x1086.png 768w, https:\/\/ape-chateaubourg.com\/wp-content\/uploads\/2025\/11\/Affiche-1086x1536.png 1086w, https:\/\/ape-chateaubourg.com\/wp-content\/uploads\/2025\/11\/Affiche.png 1414w\" sizes=\"auto, (max-width: 724px) 100vw, 724px\" \/><\/figure>\n","protected":false},"excerpt":{"rendered":"<p>Chaque ann\u00e9e, l&rsquo;Association des Parents d&rsquo;\u00c9l\u00e8ves (APE) organise une bourse aux jouets, offrant ainsi aux familles l&rsquo;opportunit\u00e9 de vendre les jeux et jouets dont leurs enfants ne se servent plus, et d&rsquo;acheter des articles d&rsquo;occasion \u00e0 moindre co\u00fbt. C&rsquo;est une excellente mani\u00e8re de donner une seconde vie \u00e0 des jouets tout en faisant des \u00e9conomies, <a class=\"more-link\" href=\"https:\/\/ape-chateaubourg.com\/?page_id=724\">Lire plus &#8230;<\/a><\/p>\n","protected":false},"author":1,"featured_media":1938,"parent":0,"menu_order":0,"comment_status":"closed","ping_status":"closed","template":"","meta":{"ngg_post_thumbnail":0,"footnotes":""},"class_list":["post-724","page","type-page","status-publish","has-post-thumbnail","hentry"],"_links":{"self":[{"href":"https:\/\/ape-chateaubourg.com\/index.php?rest_route=\/wp\/v2\/pages\/724","targetHints":{"allow":["GET"]}}],"collection":[{"href":"https:\/\/ape-chateaubourg.com\/index.php?rest_route=\/wp\/v2\/pages"}],"about":[{"href":"https:\/\/ape-chateaubourg.com\/index.php?rest_route=\/wp\/v2\/types\/page"}],"author":[{"embeddable":true,"href":"https:\/\/ape-chateaubourg.com\/index.php?rest_route=\/wp\/v2\/users\/1"}],"replies":[{"embeddable":true,"href":"https:\/\/ape-chateaubourg.com\/index.php?rest_route=%2Fwp%2Fv2%2Fcomments&post=724"}],"version-history":[{"count":55,"href":"https:\/\/ape-chateaubourg.com\/index.php?rest_route=\/wp\/v2\/pages\/724\/revisions"}],"predecessor-version":[{"id":1963,"href":"https:\/\/ape-chateaubourg.com\/index.php?rest_route=\/wp\/v2\/pages\/724\/revisions\/1963"}],"wp:featuredmedia":[{"embeddable":true,"href":"https:\/\/ape-chateaubourg.com\/index.php?rest_route=\/wp\/v2\/media\/1938"}],"wp:attachment":[{"href":"https:\/\/ape-chateaubourg.com\/index.php?rest_route=%2Fwp%2Fv2%2Fmedia&parent=724"}],"curies":[{"name":"wp","href":"https:\/\/api.w.org\/{rel}","templated":true}]}}